{"id":1972,"date":"2025-04-01T19:36:13","date_gmt":"2025-04-01T19:36:13","guid":{"rendered":"https:\/\/gtc-cafe.com\/?post_type=product&#038;p=1972"},"modified":"2025-09-04T05:41:03","modified_gmt":"2025-09-04T05:41:03","slug":"live-concert","status":"publish","type":"product","link":"https:\/\/gtc-cafe.com\/fi\/tuote\/live-concert\/","title":{"rendered":"Live Concert"},"content":{"rendered":"<p>\ud83c\udfb7 Tervetuloa Jazz-konserttiin GTC Cafessa! \ud83c\udfb6<\/p>\n<p>Liity mukaamme maagiseen jazz-iltaan, jossa p\u00e4\u00e4set nauttimaan New Orleansin jazzin tunnelmista! \ud83c\udf1f<\/p>\n<p>\ud83d\udd56 Aika: Klo 19.00<\/p>\n<p>\ud83d\udccd Paikka: GTC Caf\u00e9, L\u00f6nnrotinkatu 21, Helsinki<\/p>\n<p>\ud83c\udfb5 Esiintyj\u00e4t:<\/p>\n<p>Lavalla loistavat Birger Lindstr\u00f6m ja h\u00e4nen upea b\u00e4ndins\u00e4, jotka tuovat jazzin sykkeen suoraan syd\u00e4meesi. T\u00e4m\u00e4 on ainutlaatuinen mahdollisuus kokea heid\u00e4n mestarillinen musiikkinsa l\u00e4hiet\u00e4isyydelt\u00e4!<\/p>\n<p>\ud83d\udcab Tule yksin, yst\u00e4vien tai perheen kanssa nauttimaan unohtumattomasta illasta hyv\u00e4n musiikin, rennon tunnelman ja herkullisten tarjoilujen parissa.<\/p>\n<p>Lipunhinta:<\/p>\n<p>\ud83c\udf9f\ufe0f 25 \u20ac \/ henkil\u00f6<\/p>\n<p>\ud83c\udf93 Opiskelijoille 10 % alennus (esit\u00e4 voimassa oleva opiskelijakortti saapuessasi).<\/p>\n<p>Varaa paikkasi nyt<\/p>\n<p>\u00c4l\u00e4 j\u00e4t\u00e4 t\u00e4t\u00e4 tilaisuutta v\u00e4liin \u2013 n\u00e4hd\u00e4\u00e4n jazzin tahdissa GTC Cafessa! \ud83c\udfb7\u2728<\/p>","protected":false},"excerpt":{"rendered":"<p>\ud83c\udfb7 Tervetuloa Jazz-konserttiin GTC Cafessa! \ud83c\udfb6<\/p>\n<p>Liity mukaamme maagiseen jazz-iltaan, jossa p\u00e4\u00e4set nauttimaan New Orleansin jazzin tunnelmista! \ud83c\udf1f<\/p>\n<p>\ud83d\udd56 Aika: Klo 19.00<\/p>\n<p>\ud83d\udccd Paikka: GTC Caf\u00e9, L\u00f6nnrotinkatu 21, Helsinki<\/p>\n<p>\ud83c\udfb5 Esiintyj\u00e4t:<\/p>\n<p>Lavalla loistavat Birger Lindstr\u00f6m ja h\u00e4nen upea b\u00e4ndins\u00e4, jotka tuovat jazzin sykkeen suoraan syd\u00e4meesi. T\u00e4m\u00e4 on ainutlaatuinen mahdollisuus kokea heid\u00e4n mestarillinen musiikkinsa l\u00e4hiet\u00e4isyydelt\u00e4!<\/p>\n<p>\ud83d\udcab Tule yksin, yst\u00e4vien tai perheen kanssa nauttimaan unohtumattomasta illasta hyv\u00e4n musiikin, rennon tunnelman ja herkullisten tarjoilujen parissa.<\/p>\n<p>Lipunhinta:<\/p>\n<p>\ud83c\udf9f\ufe0f 25 \u20ac \/ henkil\u00f6<\/p>\n<p>\ud83c\udf93 Opiskelijoille 10 % alennus (esit\u00e4 voimassa oleva opiskelijakortti saapuessasi).<\/p>\n<p>Varaa paikkasi nyt<\/p>\n<p>\u00c4l\u00e4 j\u00e4t\u00e4 t\u00e4t\u00e4 tilaisuutta v\u00e4liin \u2013 n\u00e4hd\u00e4\u00e4n jazzin tahdissa GTC Cafessa! \ud83c\udfb7\u2728<\/p>","protected":false},"featured_media":1975,"comment_status":"open","ping_status":"closed","template":"","meta":{"nf_dc_page":"","om_disable_all_campaigns":false,"_monsterinsights_skip_tracking":false,"_monsterinsights_sitenote_active":false,"_monsterinsights_sitenote_note":"","_monsterinsights_sitenote_category":0},"product_brand":[],"product_cat":[32],"product_tag":[],"class_list":{"0":"post-1972","1":"product","2":"type-product","3":"status-publish","4":"has-post-thumbnail","6":"product_cat-events","8":"first","9":"instock","10":"sale","11":"taxable","12":"shipping-taxable","13":"purchasable","14":"product-type-simple"},"jetpack_likes_enabled":true,"jetpack_sharing_enabled":true,"_links":{"self":[{"href":"https:\/\/gtc-cafe.com\/fi\/wp-json\/wp\/v2\/product\/1972","targetHints":{"allow":["GET"]}}],"collection":[{"href":"https:\/\/gtc-cafe.com\/fi\/wp-json\/wp\/v2\/product"}],"about":[{"href":"https:\/\/gtc-cafe.com\/fi\/wp-json\/wp\/v2\/types\/product"}],"replies":[{"embeddable":true,"href":"https:\/\/gtc-cafe.com\/fi\/wp-json\/wp\/v2\/comments?post=1972"}],"wp:featuredmedia":[{"embeddable":true,"href":"https:\/\/gtc-cafe.com\/fi\/wp-json\/wp\/v2\/media\/1975"}],"wp:attachment":[{"href":"https:\/\/gtc-cafe.com\/fi\/wp-json\/wp\/v2\/media?parent=1972"}],"wp:term":[{"taxonomy":"product_brand","embeddable":true,"href":"https:\/\/gtc-cafe.com\/fi\/wp-json\/wp\/v2\/product_brand?post=1972"},{"taxonomy":"product_cat","embeddable":true,"href":"https:\/\/gtc-cafe.com\/fi\/wp-json\/wp\/v2\/product_cat?post=1972"},{"taxonomy":"product_tag","embeddable":true,"href":"https:\/\/gtc-cafe.com\/fi\/wp-json\/wp\/v2\/product_tag?post=1972"}],"curies":[{"name":"wp","href":"https:\/\/api.w.org\/{rel}","templated":true}]}}